{"id":11692,"date":"2024-04-08T14:22:36","date_gmt":"2024-04-08T06:22:36","guid":{"rendered":"https:\/\/chinacncparts.com\/?post_type=product&#038;p=11692"},"modified":"2025-09-29T09:09:16","modified_gmt":"2025-09-29T01:09:16","slug":"maquina-de-corte-a-laser-30kw","status":"publish","type":"product","link":"https:\/\/www.accteklaser.com\/pt\/product\/30kw-laser-cutting-machine\/","title":{"rendered":"M\u00e1quina de corte a laser 30KW"},"content":{"rendered":"<p>A m\u00e1quina de corte a laser de 30 kW \u00e9 uma poderosa ferramenta de corte industrial que utiliza feixes de laser de alta intensidade para cortar materiais espessos ou densos, como a\u00e7o, alum\u00ednio e outros metais.<\/p>","protected":false},"excerpt":{"rendered":"<p>A m\u00e1quina de corte a laser de 30 kW \u00e9 uma poderosa ferramenta de corte industrial que utiliza feixes de laser de alta intensidade para cortar materiais espessos ou densos, como a\u00e7o, alum\u00ednio e outros metais.<\/p>","protected":false},"featured_media":4825,"comment_status":"open","ping_status":"closed","template":"","meta":{"_acf_changed":false},"product_brand":[],"product_cat":[99,89],"product_tag":[],"class_list":{"0":"post-11692","1":"product","2":"type-product","3":"status-publish","4":"has-post-thumbnail","6":"product_cat-laser-cutting-machine","7":"product_cat-laser-cutting-machine-power","9":"first","10":"instock","11":"shipping-taxable","12":"purchasable","13":"product-type-variable"},"acf":[],"_links":{"self":[{"href":"https:\/\/www.accteklaser.com\/pt\/wp-json\/wp\/v2\/product\/11692","targetHints":{"allow":["GET"]}}],"collection":[{"href":"https:\/\/www.accteklaser.com\/pt\/wp-json\/wp\/v2\/product"}],"about":[{"href":"https:\/\/www.accteklaser.com\/pt\/wp-json\/wp\/v2\/types\/product"}],"replies":[{"embeddable":true,"href":"https:\/\/www.accteklaser.com\/pt\/wp-json\/wp\/v2\/comments?post=11692"}],"wp:featuredmedia":[{"embeddable":true,"href":"https:\/\/www.accteklaser.com\/pt\/wp-json\/wp\/v2\/media\/4825"}],"wp:attachment":[{"href":"https:\/\/www.accteklaser.com\/pt\/wp-json\/wp\/v2\/media?parent=11692"}],"wp:term":[{"taxonomy":"product_brand","embeddable":true,"href":"https:\/\/www.accteklaser.com\/pt\/wp-json\/wp\/v2\/product_brand?post=11692"},{"taxonomy":"product_cat","embeddable":true,"href":"https:\/\/www.accteklaser.com\/pt\/wp-json\/wp\/v2\/product_cat?post=11692"},{"taxonomy":"product_tag","embeddable":true,"href":"https:\/\/www.accteklaser.com\/pt\/wp-json\/wp\/v2\/product_tag?post=11692"}],"curies":[{"name":"wp","href":"https:\/\/api.w.org\/{rel}","templated":true}]}}