{"id":12068,"date":"2024-05-06T10:45:55","date_gmt":"2024-05-06T02:45:55","guid":{"rendered":"https:\/\/chinacncparts.com\/?post_type=product&#038;p=12068"},"modified":"2026-03-06T09:23:24","modified_gmt":"2026-03-06T01:23:24","slug":"maquina-de-corte-a-laser-acrilico","status":"publish","type":"product","link":"https:\/\/www.accteklaser.com\/pt\/product\/acrylic-laser-cutting-machine\/","title":{"rendered":"M\u00e1quina de corte a laser para acr\u00edlico"},"content":{"rendered":"<p>As m\u00e1quinas de corte a laser para acr\u00edlico usam tecnologia laser para cortar e gravar com precis\u00e3o materiais acr\u00edlicos. \u00c9 usado em sinaliza\u00e7\u00e3o, manufatura e outras ind\u00fastrias.<\/p>","protected":false},"excerpt":{"rendered":"<p>As m\u00e1quinas de corte a laser para acr\u00edlico usam tecnologia laser para cortar e gravar com precis\u00e3o materiais acr\u00edlicos. \u00c9 usado em sinaliza\u00e7\u00e3o, manufatura e outras ind\u00fastrias.<\/p>","protected":false},"featured_media":6524,"comment_status":"open","ping_status":"closed","template":"","meta":{"_acf_changed":false},"product_brand":[],"product_cat":[99,95,97],"product_tag":[],"class_list":{"0":"post-12068","1":"product","2":"type-product","3":"status-publish","4":"has-post-thumbnail","6":"product_cat-laser-cutting-machine","7":"product_cat-non-metal-laser-cutting-machine","8":"product_cat-plastic-laser-cutting-machine","10":"first","11":"instock","12":"shipping-taxable","13":"purchasable","14":"product-type-variable"},"acf":[],"_links":{"self":[{"href":"https:\/\/www.accteklaser.com\/pt\/wp-json\/wp\/v2\/product\/12068","targetHints":{"allow":["GET"]}}],"collection":[{"href":"https:\/\/www.accteklaser.com\/pt\/wp-json\/wp\/v2\/product"}],"about":[{"href":"https:\/\/www.accteklaser.com\/pt\/wp-json\/wp\/v2\/types\/product"}],"replies":[{"embeddable":true,"href":"https:\/\/www.accteklaser.com\/pt\/wp-json\/wp\/v2\/comments?post=12068"}],"wp:featuredmedia":[{"embeddable":true,"href":"https:\/\/www.accteklaser.com\/pt\/wp-json\/wp\/v2\/media\/6524"}],"wp:attachment":[{"href":"https:\/\/www.accteklaser.com\/pt\/wp-json\/wp\/v2\/media?parent=12068"}],"wp:term":[{"taxonomy":"product_brand","embeddable":true,"href":"https:\/\/www.accteklaser.com\/pt\/wp-json\/wp\/v2\/product_brand?post=12068"},{"taxonomy":"product_cat","embeddable":true,"href":"https:\/\/www.accteklaser.com\/pt\/wp-json\/wp\/v2\/product_cat?post=12068"},{"taxonomy":"product_tag","embeddable":true,"href":"https:\/\/www.accteklaser.com\/pt\/wp-json\/wp\/v2\/product_tag?post=12068"}],"curies":[{"name":"wp","href":"https:\/\/api.w.org\/{rel}","templated":true}]}}