{"id":11026,"date":"2024-03-21T10:52:31","date_gmt":"2024-03-21T02:52:31","guid":{"rendered":"https:\/\/chinacncparts.com\/?post_type=product&#038;p=11026"},"modified":"2025-09-26T17:44:03","modified_gmt":"2025-09-26T09:44:03","slug":"akj-fbc-lazer-kesme-makinesi","status":"publish","type":"product","link":"https:\/\/www.accteklaser.com\/tr\/product\/akj-fbc-laser-cutting-machine\/","title":{"rendered":"AKJ-FBC Lazer Kesim Makinesi"},"content":{"rendered":"<p>AKJ-FBC lazer kesim makinesi, de\u011fi\u015ftirilebilir \u00e7al\u0131\u015fma masas\u0131na ve tamamen kapal\u0131 koruyucu kapa\u011fa sahip bir fiber lazer kesim makinesidir. Kullan\u0131c\u0131lar\u0131n i\u015f par\u00e7alar\u0131n\u0131n bitirilmesinden kaynaklanan aksama s\u00fcrelerini azaltmalar\u0131na yard\u0131mc\u0131 olabilir.<\/p>","protected":false},"excerpt":{"rendered":"<p>AKJ-FBC lazer kesim makinesi, de\u011fi\u015ftirilebilir \u00e7al\u0131\u015fma masas\u0131na ve tamamen kapal\u0131 koruyucu kapa\u011fa sahip bir fiber lazer kesim makinesidir. Kullan\u0131c\u0131lar\u0131n i\u015f par\u00e7alar\u0131n\u0131n bitirilmesinden kaynaklanan aksama s\u00fcrelerini azaltmalar\u0131na yard\u0131mc\u0131 olabilir.<\/p>","protected":false},"featured_media":2293,"comment_status":"open","ping_status":"closed","template":"","meta":{"_acf_changed":false},"product_brand":[],"product_cat":[99,66,103,108],"product_tag":[],"class_list":{"0":"post-11026","1":"product","2":"type-product","3":"status-publish","4":"has-post-thumbnail","6":"product_cat-laser-cutting-machine","7":"product_cat-akj-fbc-laser-cutting-machine","8":"product_cat-fiber-laser-cutting-machine","9":"product_cat-sheet-laser-cutting-machine","11":"first","12":"instock","13":"shipping-taxable","14":"purchasable","15":"product-type-variable"},"acf":[],"_links":{"self":[{"href":"https:\/\/www.accteklaser.com\/tr\/wp-json\/wp\/v2\/product\/11026","targetHints":{"allow":["GET"]}}],"collection":[{"href":"https:\/\/www.accteklaser.com\/tr\/wp-json\/wp\/v2\/product"}],"about":[{"href":"https:\/\/www.accteklaser.com\/tr\/wp-json\/wp\/v2\/types\/product"}],"replies":[{"embeddable":true,"href":"https:\/\/www.accteklaser.com\/tr\/wp-json\/wp\/v2\/comments?post=11026"}],"wp:featuredmedia":[{"embeddable":true,"href":"https:\/\/www.accteklaser.com\/tr\/wp-json\/wp\/v2\/media\/2293"}],"wp:attachment":[{"href":"https:\/\/www.accteklaser.com\/tr\/wp-json\/wp\/v2\/media?parent=11026"}],"wp:term":[{"taxonomy":"product_brand","embeddable":true,"href":"https:\/\/www.accteklaser.com\/tr\/wp-json\/wp\/v2\/product_brand?post=11026"},{"taxonomy":"product_cat","embeddable":true,"href":"https:\/\/www.accteklaser.com\/tr\/wp-json\/wp\/v2\/product_cat?post=11026"},{"taxonomy":"product_tag","embeddable":true,"href":"https:\/\/www.accteklaser.com\/tr\/wp-json\/wp\/v2\/product_tag?post=11026"}],"curies":[{"name":"wp","href":"https:\/\/api.w.org\/{rel}","templated":true}]}}