{"id":11072,"date":"2024-03-21T16:24:36","date_gmt":"2024-03-21T08:24:36","guid":{"rendered":"https:\/\/chinacncparts.com\/?post_type=product&#038;p=11072"},"modified":"2025-09-28T15:55:19","modified_gmt":"2025-09-28T07:55:19","slug":"akj60fa-lazer-kesme-makinesi","status":"publish","type":"product","link":"https:\/\/www.accteklaser.com\/tr\/product\/akj60fa-laser-cutting-machine\/","title":{"rendered":"AKJ60FA Lazer Kesim Makinesi"},"content":{"rendered":"<p>AKJ60FA lazer kesme makinesi, otomatik y\u00fckleme ve bo\u015faltma boru lazer kesme makinesidir. \u0130\u015f par\u00e7alar\u0131n\u0131n y\u00fckleme ve bo\u015faltma i\u015flemlerini tamamlayabilir, b\u00f6ylece \u00fcretim verimlili\u011fini art\u0131rabilir.<\/p>\n<div id=\"gtx-trans\" style=\"position: absolute; left: -26px; top: 0px;\">\n<div class=\"gtx-trans-icon\"><\/div>\n<\/div>","protected":false},"excerpt":{"rendered":"<p>AKJ60FA lazer kesme makinesi, otomatik y\u00fckleme ve bo\u015faltma boru lazer kesme makinesidir. \u0130\u015f par\u00e7alar\u0131n\u0131n y\u00fckleme ve bo\u015faltma i\u015flemlerini tamamlayabilir, b\u00f6ylece \u00fcretim verimlili\u011fini art\u0131rabilir.<\/p>","protected":false},"featured_media":30515,"comment_status":"open","ping_status":"closed","template":"","meta":{"_acf_changed":false},"product_brand":[],"product_cat":[99,70,103,109],"product_tag":[],"class_list":{"0":"post-11072","1":"product","2":"type-product","3":"status-publish","4":"has-post-thumbnail","6":"product_cat-laser-cutting-machine","7":"product_cat-akj60fa-laser-cutting-machine","8":"product_cat-fiber-laser-cutting-machine","9":"product_cat-tube-laser-cutting-machine","11":"first","12":"instock","13":"shipping-taxable","14":"purchasable","15":"product-type-variable"},"acf":[],"_links":{"self":[{"href":"https:\/\/www.accteklaser.com\/tr\/wp-json\/wp\/v2\/product\/11072","targetHints":{"allow":["GET"]}}],"collection":[{"href":"https:\/\/www.accteklaser.com\/tr\/wp-json\/wp\/v2\/product"}],"about":[{"href":"https:\/\/www.accteklaser.com\/tr\/wp-json\/wp\/v2\/types\/product"}],"replies":[{"embeddable":true,"href":"https:\/\/www.accteklaser.com\/tr\/wp-json\/wp\/v2\/comments?post=11072"}],"wp:featuredmedia":[{"embeddable":true,"href":"https:\/\/www.accteklaser.com\/tr\/wp-json\/wp\/v2\/media\/30515"}],"wp:attachment":[{"href":"https:\/\/www.accteklaser.com\/tr\/wp-json\/wp\/v2\/media?parent=11072"}],"wp:term":[{"taxonomy":"product_brand","embeddable":true,"href":"https:\/\/www.accteklaser.com\/tr\/wp-json\/wp\/v2\/product_brand?post=11072"},{"taxonomy":"product_cat","embeddable":true,"href":"https:\/\/www.accteklaser.com\/tr\/wp-json\/wp\/v2\/product_cat?post=11072"},{"taxonomy":"product_tag","embeddable":true,"href":"https:\/\/www.accteklaser.com\/tr\/wp-json\/wp\/v2\/product_tag?post=11072"}],"curies":[{"name":"wp","href":"https:\/\/api.w.org\/{rel}","templated":true}]}}