{"id":11238,"date":"2024-03-27T09:25:45","date_gmt":"2024-03-27T01:25:45","guid":{"rendered":"https:\/\/chinacncparts.com\/?post_type=product&#038;p=11238"},"modified":"2026-01-08T16:53:28","modified_gmt":"2026-01-08T08:53:28","slug":"tasinabilir-lazer-temizleme-makinesi","status":"publish","type":"product","link":"https:\/\/www.accteklaser.com\/tr\/product\/portable-laser-cleaning-machine\/","title":{"rendered":"Ta\u015f\u0131nabilir Lazer Temizleme Makinesi"},"content":{"rendered":"<p>Ta\u015f\u0131nabilir lazer temizleme makinesi, metal, plastik ve di\u011fer y\u00fczeylerdeki kiri, pas\u0131, boyay\u0131 ve di\u011fer kirletici maddeleri kolayca \u00e7\u0131karmak i\u00e7in g\u00fc\u00e7l\u00fc bir lazer kullan\u0131r.<\/p>","protected":false},"excerpt":{"rendered":"<p>Ta\u015f\u0131nabilir lazer temizleme makinesi, metal, plastik ve di\u011fer y\u00fczeylerdeki kiri, pas\u0131, boyay\u0131 ve di\u011fer kirletici maddeleri kolayca \u00e7\u0131karmak i\u00e7in g\u00fc\u00e7l\u00fc bir lazer kullan\u0131r.<\/p>","protected":false},"featured_media":29887,"comment_status":"open","ping_status":"closed","template":"","meta":{"_acf_changed":false},"product_brand":[],"product_cat":[100,78],"product_tag":[],"class_list":{"0":"post-11238","1":"product","2":"type-product","3":"status-publish","4":"has-post-thumbnail","6":"product_cat-laser-cleaning-machine","7":"product_cat-5-laser-cleaning-machine","9":"first","10":"instock","11":"shipping-taxable","12":"purchasable","13":"product-type-variable"},"acf":[],"_links":{"self":[{"href":"https:\/\/www.accteklaser.com\/tr\/wp-json\/wp\/v2\/product\/11238","targetHints":{"allow":["GET"]}}],"collection":[{"href":"https:\/\/www.accteklaser.com\/tr\/wp-json\/wp\/v2\/product"}],"about":[{"href":"https:\/\/www.accteklaser.com\/tr\/wp-json\/wp\/v2\/types\/product"}],"replies":[{"embeddable":true,"href":"https:\/\/www.accteklaser.com\/tr\/wp-json\/wp\/v2\/comments?post=11238"}],"wp:featuredmedia":[{"embeddable":true,"href":"https:\/\/www.accteklaser.com\/tr\/wp-json\/wp\/v2\/media\/29887"}],"wp:attachment":[{"href":"https:\/\/www.accteklaser.com\/tr\/wp-json\/wp\/v2\/media?parent=11238"}],"wp:term":[{"taxonomy":"product_brand","embeddable":true,"href":"https:\/\/www.accteklaser.com\/tr\/wp-json\/wp\/v2\/product_brand?post=11238"},{"taxonomy":"product_cat","embeddable":true,"href":"https:\/\/www.accteklaser.com\/tr\/wp-json\/wp\/v2\/product_cat?post=11238"},{"taxonomy":"product_tag","embeddable":true,"href":"https:\/\/www.accteklaser.com\/tr\/wp-json\/wp\/v2\/product_tag?post=11238"}],"curies":[{"name":"wp","href":"https:\/\/api.w.org\/{rel}","templated":true}]}}