{"id":11325,"date":"2024-03-28T11:04:39","date_gmt":"2024-03-28T03:04:39","guid":{"rendered":"https:\/\/chinacncparts.com\/?post_type=product&#038;p=11325"},"modified":"2025-09-25T17:58:39","modified_gmt":"2025-09-25T09:58:39","slug":"tasinabilir-lazer-kaynak-makinesi","status":"publish","type":"product","link":"https:\/\/www.accteklaser.com\/tr\/product\/portable-laser-welding-machine\/","title":{"rendered":"Ta\u015f\u0131nabilir Lazer Kaynak Makinesi"},"content":{"rendered":"<p>Ta\u015f\u0131nabilir lazer kaynak makinesi, elde ta\u015f\u0131nan bir fiber lazer kaynak makinesidir. Avantajlar\u0131 basit bir i\u015flem, g\u00fczel kaynak diki\u015fi, h\u0131zl\u0131 kaynak h\u0131z\u0131 ve sarf malzemesi olmamas\u0131d\u0131r.<\/p>","protected":false},"excerpt":{"rendered":"<p>Ta\u015f\u0131nabilir lazer kaynak makinesi, elde ta\u015f\u0131nan bir fiber lazer kaynak makinesidir. Avantajlar\u0131 basit bir i\u015flem, g\u00fczel kaynak diki\u015fi, h\u0131zl\u0131 kaynak h\u0131z\u0131 ve sarf malzemesi olmamas\u0131d\u0131r.<\/p>","protected":false},"featured_media":31932,"comment_status":"open","ping_status":"closed","template":"","meta":{"_acf_changed":false},"product_brand":[],"product_cat":[102,83],"product_tag":[],"class_list":{"0":"post-11325","1":"product","2":"type-product","3":"status-publish","4":"has-post-thumbnail","6":"product_cat-laser-welding-machine","7":"product_cat-5-2-laser-welding-machine","9":"first","10":"instock","11":"shipping-taxable","12":"purchasable","13":"product-type-variable"},"acf":[],"_links":{"self":[{"href":"https:\/\/www.accteklaser.com\/tr\/wp-json\/wp\/v2\/product\/11325","targetHints":{"allow":["GET"]}}],"collection":[{"href":"https:\/\/www.accteklaser.com\/tr\/wp-json\/wp\/v2\/product"}],"about":[{"href":"https:\/\/www.accteklaser.com\/tr\/wp-json\/wp\/v2\/types\/product"}],"replies":[{"embeddable":true,"href":"https:\/\/www.accteklaser.com\/tr\/wp-json\/wp\/v2\/comments?post=11325"}],"wp:featuredmedia":[{"embeddable":true,"href":"https:\/\/www.accteklaser.com\/tr\/wp-json\/wp\/v2\/media\/31932"}],"wp:attachment":[{"href":"https:\/\/www.accteklaser.com\/tr\/wp-json\/wp\/v2\/media?parent=11325"}],"wp:term":[{"taxonomy":"product_brand","embeddable":true,"href":"https:\/\/www.accteklaser.com\/tr\/wp-json\/wp\/v2\/product_brand?post=11325"},{"taxonomy":"product_cat","embeddable":true,"href":"https:\/\/www.accteklaser.com\/tr\/wp-json\/wp\/v2\/product_cat?post=11325"},{"taxonomy":"product_tag","embeddable":true,"href":"https:\/\/www.accteklaser.com\/tr\/wp-json\/wp\/v2\/product_tag?post=11325"}],"curies":[{"name":"wp","href":"https:\/\/api.w.org\/{rel}","templated":true}]}}