{"id":11689,"date":"2024-04-07T17:13:38","date_gmt":"2024-04-07T09:13:38","guid":{"rendered":"https:\/\/chinacncparts.com\/?post_type=product&#038;p=11689"},"modified":"2025-09-28T18:01:42","modified_gmt":"2025-09-28T10:01:42","slug":"12kw-lazer-kesim-makinesi","status":"publish","type":"product","link":"https:\/\/www.accteklaser.com\/tr\/product\/12kw-laser-cutting-machine\/","title":{"rendered":"12KW Lazer Kesim Makinesi"},"content":{"rendered":"<p>12KW lazer kesim makinesi y\u00fcksek hassasiyet, h\u0131zl\u0131 kesim h\u0131zlar\u0131 ve kal\u0131n metal malzemeleri i\u015fleme yetene\u011fi sunar. B\u00fcy\u00fck \u00f6l\u00e7ekli \u00fcretim ve karma\u015f\u0131k tasar\u0131mlar gerektiren end\u00fcstriler i\u00e7in idealdir.<\/p>","protected":false},"excerpt":{"rendered":"<p>12KW lazer kesim makinesi y\u00fcksek hassasiyet, h\u0131zl\u0131 kesim h\u0131zlar\u0131 ve kal\u0131n metal malzemeleri i\u015fleme yetene\u011fi sunar. B\u00fcy\u00fck \u00f6l\u00e7ekli \u00fcretim ve karma\u015f\u0131k tasar\u0131mlar gerektiren end\u00fcstriler i\u00e7in idealdir.<\/p>","protected":false},"featured_media":4723,"comment_status":"open","ping_status":"closed","template":"","meta":{"_acf_changed":false},"product_brand":[],"product_cat":[99,89],"product_tag":[],"class_list":{"0":"post-11689","1":"product","2":"type-product","3":"status-publish","4":"has-post-thumbnail","6":"product_cat-laser-cutting-machine","7":"product_cat-laser-cutting-machine-power","9":"first","10":"instock","11":"shipping-taxable","12":"purchasable","13":"product-type-variable"},"acf":[],"_links":{"self":[{"href":"https:\/\/www.accteklaser.com\/tr\/wp-json\/wp\/v2\/product\/11689","targetHints":{"allow":["GET"]}}],"collection":[{"href":"https:\/\/www.accteklaser.com\/tr\/wp-json\/wp\/v2\/product"}],"about":[{"href":"https:\/\/www.accteklaser.com\/tr\/wp-json\/wp\/v2\/types\/product"}],"replies":[{"embeddable":true,"href":"https:\/\/www.accteklaser.com\/tr\/wp-json\/wp\/v2\/comments?post=11689"}],"wp:featuredmedia":[{"embeddable":true,"href":"https:\/\/www.accteklaser.com\/tr\/wp-json\/wp\/v2\/media\/4723"}],"wp:attachment":[{"href":"https:\/\/www.accteklaser.com\/tr\/wp-json\/wp\/v2\/media?parent=11689"}],"wp:term":[{"taxonomy":"product_brand","embeddable":true,"href":"https:\/\/www.accteklaser.com\/tr\/wp-json\/wp\/v2\/product_brand?post=11689"},{"taxonomy":"product_cat","embeddable":true,"href":"https:\/\/www.accteklaser.com\/tr\/wp-json\/wp\/v2\/product_cat?post=11689"},{"taxonomy":"product_tag","embeddable":true,"href":"https:\/\/www.accteklaser.com\/tr\/wp-json\/wp\/v2\/product_tag?post=11689"}],"curies":[{"name":"wp","href":"https:\/\/api.w.org\/{rel}","templated":true}]}}