{"id":12076,"date":"2024-05-07T10:46:24","date_gmt":"2024-05-07T02:46:24","guid":{"rendered":"https:\/\/chinacncparts.com\/?post_type=product&#038;p=12076"},"modified":"2025-09-24T11:09:15","modified_gmt":"2025-09-24T03:09:15","slug":"delrin-lazer-kesim-makinesi","status":"publish","type":"product","link":"https:\/\/www.accteklaser.com\/tr\/product\/delrin-laser-cutting-machine\/","title":{"rendered":"Delrin Lazer Kesim Makinas\u0131"},"content":{"rendered":"<p>Delrin lazer kesim makinas\u0131 Delrin kesimi i\u00e7in \u00f6zel olarak tasarlanm\u0131\u015f bir lazer kesim sistemidir. Hassas, temiz kesimler i\u00e7in malzemeyi eritmek amac\u0131yla y\u00fcksek g\u00fc\u00e7l\u00fc bir lazer \u0131\u015f\u0131n\u0131 kullan\u0131r.<\/p>","protected":false},"excerpt":{"rendered":"<p>Delrin lazer kesim makinas\u0131 Delrin kesimi i\u00e7in \u00f6zel olarak tasarlanm\u0131\u015f bir lazer kesim sistemidir. Hassas, temiz kesimler i\u00e7in malzemeyi eritmek amac\u0131yla y\u00fcksek g\u00fc\u00e7l\u00fc bir lazer \u0131\u015f\u0131n\u0131 kullan\u0131r.<\/p>","protected":false},"featured_media":7162,"comment_status":"open","ping_status":"closed","template":"","meta":{"_acf_changed":false},"product_brand":[],"product_cat":[99,95,97],"product_tag":[],"class_list":{"0":"post-12076","1":"product","2":"type-product","3":"status-publish","4":"has-post-thumbnail","6":"product_cat-laser-cutting-machine","7":"product_cat-non-metal-laser-cutting-machine","8":"product_cat-plastic-laser-cutting-machine","10":"first","11":"instock","12":"shipping-taxable","13":"purchasable","14":"product-type-variable"},"acf":[],"_links":{"self":[{"href":"https:\/\/www.accteklaser.com\/tr\/wp-json\/wp\/v2\/product\/12076","targetHints":{"allow":["GET"]}}],"collection":[{"href":"https:\/\/www.accteklaser.com\/tr\/wp-json\/wp\/v2\/product"}],"about":[{"href":"https:\/\/www.accteklaser.com\/tr\/wp-json\/wp\/v2\/types\/product"}],"replies":[{"embeddable":true,"href":"https:\/\/www.accteklaser.com\/tr\/wp-json\/wp\/v2\/comments?post=12076"}],"wp:featuredmedia":[{"embeddable":true,"href":"https:\/\/www.accteklaser.com\/tr\/wp-json\/wp\/v2\/media\/7162"}],"wp:attachment":[{"href":"https:\/\/www.accteklaser.com\/tr\/wp-json\/wp\/v2\/media?parent=12076"}],"wp:term":[{"taxonomy":"product_brand","embeddable":true,"href":"https:\/\/www.accteklaser.com\/tr\/wp-json\/wp\/v2\/product_brand?post=12076"},{"taxonomy":"product_cat","embeddable":true,"href":"https:\/\/www.accteklaser.com\/tr\/wp-json\/wp\/v2\/product_cat?post=12076"},{"taxonomy":"product_tag","embeddable":true,"href":"https:\/\/www.accteklaser.com\/tr\/wp-json\/wp\/v2\/product_tag?post=12076"}],"curies":[{"name":"wp","href":"https:\/\/api.w.org\/{rel}","templated":true}]}}