{"id":12077,"date":"2024-05-07T11:26:52","date_gmt":"2024-05-07T03:26:52","guid":{"rendered":"https:\/\/chinacncparts.com\/?post_type=product&#038;p=12077"},"modified":"2025-09-24T11:09:29","modified_gmt":"2025-09-24T03:09:29","slug":"evcil-hayvan-lazer-kesim-makinesi","status":"publish","type":"product","link":"https:\/\/www.accteklaser.com\/tr\/product\/pet-laser-cutting-machine\/","title":{"rendered":"PET Lazer Kesim Makinesi"},"content":{"rendered":"<p>PET lazer kesme makinesi, y\u00fcksek g\u00fc\u00e7l\u00fc bir lazer \u0131\u015f\u0131n\u0131 kullanarak PET veya benzeri plastik polimerlerden yap\u0131lm\u0131\u015f malzemeleri kesmek i\u00e7in \u00f6zel olarak tasarlanm\u0131\u015f lazer kesme ekipman\u0131n\u0131 ifade eder.<\/p>","protected":false},"excerpt":{"rendered":"<p>PET lazer kesme makinesi, y\u00fcksek g\u00fc\u00e7l\u00fc bir lazer \u0131\u015f\u0131n\u0131 kullanarak PET veya benzeri plastik polimerlerden yap\u0131lm\u0131\u015f malzemeleri kesmek i\u00e7in \u00f6zel olarak tasarlanm\u0131\u015f lazer kesme ekipman\u0131n\u0131 ifade eder.<\/p>","protected":false},"featured_media":7162,"comment_status":"open","ping_status":"closed","template":"","meta":{"_acf_changed":false},"product_brand":[],"product_cat":[99,95,97],"product_tag":[],"class_list":{"0":"post-12077","1":"product","2":"type-product","3":"status-publish","4":"has-post-thumbnail","6":"product_cat-laser-cutting-machine","7":"product_cat-non-metal-laser-cutting-machine","8":"product_cat-plastic-laser-cutting-machine","10":"first","11":"instock","12":"shipping-taxable","13":"purchasable","14":"product-type-variable"},"acf":[],"_links":{"self":[{"href":"https:\/\/www.accteklaser.com\/tr\/wp-json\/wp\/v2\/product\/12077","targetHints":{"allow":["GET"]}}],"collection":[{"href":"https:\/\/www.accteklaser.com\/tr\/wp-json\/wp\/v2\/product"}],"about":[{"href":"https:\/\/www.accteklaser.com\/tr\/wp-json\/wp\/v2\/types\/product"}],"replies":[{"embeddable":true,"href":"https:\/\/www.accteklaser.com\/tr\/wp-json\/wp\/v2\/comments?post=12077"}],"wp:featuredmedia":[{"embeddable":true,"href":"https:\/\/www.accteklaser.com\/tr\/wp-json\/wp\/v2\/media\/7162"}],"wp:attachment":[{"href":"https:\/\/www.accteklaser.com\/tr\/wp-json\/wp\/v2\/media?parent=12077"}],"wp:term":[{"taxonomy":"product_brand","embeddable":true,"href":"https:\/\/www.accteklaser.com\/tr\/wp-json\/wp\/v2\/product_brand?post=12077"},{"taxonomy":"product_cat","embeddable":true,"href":"https:\/\/www.accteklaser.com\/tr\/wp-json\/wp\/v2\/product_cat?post=12077"},{"taxonomy":"product_tag","embeddable":true,"href":"https:\/\/www.accteklaser.com\/tr\/wp-json\/wp\/v2\/product_tag?post=12077"}],"curies":[{"name":"wp","href":"https:\/\/api.w.org\/{rel}","templated":true}]}}