{"id":32365,"date":"2024-03-27T10:00:24","date_gmt":"2024-03-27T02:00:24","guid":{"rendered":"https:\/\/www.accteklaser.com\/?post_type=product&#038;p=32365"},"modified":"2026-04-17T17:35:19","modified_gmt":"2026-04-17T09:35:19","slug":"bagaj-cw-lazer-temizleme-makinesi","status":"publish","type":"product","link":"https:\/\/www.accteklaser.com\/tr\/product\/luggage-cw-laser-cleaning-machine\/","title":{"rendered":"Bagaj CW Lazer Temizleme Makinesi"},"content":{"rendered":"<p>Bagaj CW lazer temizleme makinesi, \u00e7e\u015fitli malzemelerden pas, boya ve kirleticileri etkili bir \u015fekilde \u00e7\u0131karmak i\u00e7in ta\u015f\u0131nabilir, \u00e7evre dostu bir y\u00fczey temizleme \u00e7\u00f6z\u00fcm\u00fcd\u00fcr ve yerinde end\u00fcstriyel ve bak\u0131m uygulamalar\u0131 i\u00e7in idealdir.<\/p>","protected":false},"excerpt":{"rendered":"<p>Bagaj CW lazer temizleme makinesi, \u00e7e\u015fitli malzemelerden pas, boya ve kirleticileri etkili bir \u015fekilde \u00e7\u0131karmak i\u00e7in ta\u015f\u0131nabilir, \u00e7evre dostu bir y\u00fczey temizleme \u00e7\u00f6z\u00fcm\u00fcd\u00fcr ve yerinde end\u00fcstriyel ve bak\u0131m uygulamalar\u0131 i\u00e7in idealdir.<\/p>","protected":false},"featured_media":32366,"comment_status":"open","ping_status":"closed","template":"","meta":{"_acf_changed":false},"product_brand":[],"product_cat":[100,76],"product_tag":[],"class_list":{"0":"post-32365","1":"product","2":"type-product","3":"status-publish","4":"has-post-thumbnail","6":"product_cat-laser-cleaning-machine","7":"product_cat-4-laser-cleaning-machine","9":"first","10":"instock","11":"shipping-taxable","12":"product-type-simple"},"acf":[],"_links":{"self":[{"href":"https:\/\/www.accteklaser.com\/tr\/wp-json\/wp\/v2\/product\/32365","targetHints":{"allow":["GET"]}}],"collection":[{"href":"https:\/\/www.accteklaser.com\/tr\/wp-json\/wp\/v2\/product"}],"about":[{"href":"https:\/\/www.accteklaser.com\/tr\/wp-json\/wp\/v2\/types\/product"}],"replies":[{"embeddable":true,"href":"https:\/\/www.accteklaser.com\/tr\/wp-json\/wp\/v2\/comments?post=32365"}],"wp:featuredmedia":[{"embeddable":true,"href":"https:\/\/www.accteklaser.com\/tr\/wp-json\/wp\/v2\/media\/32366"}],"wp:attachment":[{"href":"https:\/\/www.accteklaser.com\/tr\/wp-json\/wp\/v2\/media?parent=32365"}],"wp:term":[{"taxonomy":"product_brand","embeddable":true,"href":"https:\/\/www.accteklaser.com\/tr\/wp-json\/wp\/v2\/product_brand?post=32365"},{"taxonomy":"product_cat","embeddable":true,"href":"https:\/\/www.accteklaser.com\/tr\/wp-json\/wp\/v2\/product_cat?post=32365"},{"taxonomy":"product_tag","embeddable":true,"href":"https:\/\/www.accteklaser.com\/tr\/wp-json\/wp\/v2\/product_tag?post=32365"}],"curies":[{"name":"wp","href":"https:\/\/api.w.org\/{rel}","templated":true}]}}