{"id":11689,"date":"2024-04-07T17:13:38","date_gmt":"2024-04-07T09:13:38","guid":{"rendered":"https:\/\/chinacncparts.com\/?post_type=product&#038;p=11689"},"modified":"2025-09-28T18:01:42","modified_gmt":"2025-09-28T10:01:42","slug":"may-cat-laser-12kw","status":"publish","type":"product","link":"https:\/\/www.accteklaser.com\/vi\/product\/12kw-laser-cutting-machine\/","title":{"rendered":"M\u00e1y c\u1eaft Laser 12KW"},"content":{"rendered":"<p>M\u00e1y c\u1eaft laser 12KW cung c\u1ea5p \u0111\u1ed9 ch\u00ednh x\u00e1c cao, t\u1ed1c \u0111\u1ed9 c\u1eaft nhanh v\u00e0 kh\u1ea3 n\u0103ng x\u1eed l\u00fd v\u1eadt li\u1ec7u kim lo\u1ea1i d\u00e0y. L\u00fd t\u01b0\u1edfng cho c\u00e1c ng\u00e0nh c\u00f4ng nghi\u1ec7p \u0111\u00f2i h\u1ecfi s\u1ea3n xu\u1ea5t quy m\u00f4 l\u1edbn v\u00e0 thi\u1ebft k\u1ebf ph\u1ee9c t\u1ea1p.<\/p>","protected":false},"excerpt":{"rendered":"<p>M\u00e1y c\u1eaft laser 12KW cung c\u1ea5p \u0111\u1ed9 ch\u00ednh x\u00e1c cao, t\u1ed1c \u0111\u1ed9 c\u1eaft nhanh v\u00e0 kh\u1ea3 n\u0103ng x\u1eed l\u00fd v\u1eadt li\u1ec7u kim lo\u1ea1i d\u00e0y. L\u00fd t\u01b0\u1edfng cho c\u00e1c ng\u00e0nh c\u00f4ng nghi\u1ec7p \u0111\u00f2i h\u1ecfi s\u1ea3n xu\u1ea5t quy m\u00f4 l\u1edbn v\u00e0 thi\u1ebft k\u1ebf ph\u1ee9c t\u1ea1p.<\/p>","protected":false},"featured_media":4723,"comment_status":"open","ping_status":"closed","template":"","meta":{"_acf_changed":false},"product_brand":[],"product_cat":[99,89],"product_tag":[],"class_list":{"0":"post-11689","1":"product","2":"type-product","3":"status-publish","4":"has-post-thumbnail","6":"product_cat-laser-cutting-machine","7":"product_cat-laser-cutting-machine-power","9":"first","10":"instock","11":"shipping-taxable","12":"purchasable","13":"product-type-variable"},"acf":[],"_links":{"self":[{"href":"https:\/\/www.accteklaser.com\/vi\/wp-json\/wp\/v2\/product\/11689","targetHints":{"allow":["GET"]}}],"collection":[{"href":"https:\/\/www.accteklaser.com\/vi\/wp-json\/wp\/v2\/product"}],"about":[{"href":"https:\/\/www.accteklaser.com\/vi\/wp-json\/wp\/v2\/types\/product"}],"replies":[{"embeddable":true,"href":"https:\/\/www.accteklaser.com\/vi\/wp-json\/wp\/v2\/comments?post=11689"}],"wp:featuredmedia":[{"embeddable":true,"href":"https:\/\/www.accteklaser.com\/vi\/wp-json\/wp\/v2\/media\/4723"}],"wp:attachment":[{"href":"https:\/\/www.accteklaser.com\/vi\/wp-json\/wp\/v2\/media?parent=11689"}],"wp:term":[{"taxonomy":"product_brand","embeddable":true,"href":"https:\/\/www.accteklaser.com\/vi\/wp-json\/wp\/v2\/product_brand?post=11689"},{"taxonomy":"product_cat","embeddable":true,"href":"https:\/\/www.accteklaser.com\/vi\/wp-json\/wp\/v2\/product_cat?post=11689"},{"taxonomy":"product_tag","embeddable":true,"href":"https:\/\/www.accteklaser.com\/vi\/wp-json\/wp\/v2\/product_tag?post=11689"}],"curies":[{"name":"wp","href":"https:\/\/api.w.org\/{rel}","templated":true}]}}