{"id":12029,"date":"2024-04-25T11:25:23","date_gmt":"2024-04-25T03:25:23","guid":{"rendered":"https:\/\/chinacncparts.com\/?post_type=product&#038;p=12029"},"modified":"2025-09-29T09:17:19","modified_gmt":"2025-09-29T01:17:19","slug":"may-cat-laser-thep-khong-gi","status":"publish","type":"product","link":"https:\/\/www.accteklaser.com\/vi\/product\/stainless-steel-laser-cutting-machine\/","title":{"rendered":"M\u00e1y c\u1eaft Laser th\u00e9p kh\u00f4ng g\u1ec9"},"content":{"rendered":"<p>M\u00e1y c\u1eaft laser th\u00e9p kh\u00f4ng g\u1ec9 s\u1eed d\u1ee5ng ch\u00f9m tia laser c\u00f4ng su\u1ea5t cao \u0111\u1ec3 c\u1eaft ch\u00ednh x\u00e1c c\u00e1c v\u1eadt li\u1ec7u th\u00e9p kh\u00f4ng g\u1ec9, bao g\u1ed3m t\u1ea5m, \u1ed1ng ho\u1eb7c c\u00e1c d\u1ea1ng v\u1eadt li\u1ec7u kh\u00e1c.<\/p>","protected":false},"excerpt":{"rendered":"<p>M\u00e1y c\u1eaft laser th\u00e9p kh\u00f4ng g\u1ec9 s\u1eed d\u1ee5ng ch\u00f9m tia laser c\u00f4ng su\u1ea5t cao \u0111\u1ec3 c\u1eaft ch\u00ednh x\u00e1c c\u00e1c v\u1eadt li\u1ec7u th\u00e9p kh\u00f4ng g\u1ec9, bao g\u1ed3m t\u1ea5m, \u1ed1ng ho\u1eb7c c\u00e1c d\u1ea1ng v\u1eadt li\u1ec7u kh\u00e1c.<\/p>","protected":false},"featured_media":5344,"comment_status":"open","ping_status":"closed","template":"","meta":{"_acf_changed":false},"product_brand":[],"product_cat":[99,94],"product_tag":[],"class_list":{"0":"post-12029","1":"product","2":"type-product","3":"status-publish","4":"has-post-thumbnail","6":"product_cat-laser-cutting-machine","7":"product_cat-laser-cutting-machine-material","9":"first","10":"instock","11":"shipping-taxable","12":"purchasable","13":"product-type-variable"},"acf":[],"_links":{"self":[{"href":"https:\/\/www.accteklaser.com\/vi\/wp-json\/wp\/v2\/product\/12029","targetHints":{"allow":["GET"]}}],"collection":[{"href":"https:\/\/www.accteklaser.com\/vi\/wp-json\/wp\/v2\/product"}],"about":[{"href":"https:\/\/www.accteklaser.com\/vi\/wp-json\/wp\/v2\/types\/product"}],"replies":[{"embeddable":true,"href":"https:\/\/www.accteklaser.com\/vi\/wp-json\/wp\/v2\/comments?post=12029"}],"wp:featuredmedia":[{"embeddable":true,"href":"https:\/\/www.accteklaser.com\/vi\/wp-json\/wp\/v2\/media\/5344"}],"wp:attachment":[{"href":"https:\/\/www.accteklaser.com\/vi\/wp-json\/wp\/v2\/media?parent=12029"}],"wp:term":[{"taxonomy":"product_brand","embeddable":true,"href":"https:\/\/www.accteklaser.com\/vi\/wp-json\/wp\/v2\/product_brand?post=12029"},{"taxonomy":"product_cat","embeddable":true,"href":"https:\/\/www.accteklaser.com\/vi\/wp-json\/wp\/v2\/product_cat?post=12029"},{"taxonomy":"product_tag","embeddable":true,"href":"https:\/\/www.accteklaser.com\/vi\/wp-json\/wp\/v2\/product_tag?post=12029"}],"curies":[{"name":"wp","href":"https:\/\/api.w.org\/{rel}","templated":true}]}}