{"id":32365,"date":"2024-03-27T10:00:24","date_gmt":"2024-03-27T02:00:24","guid":{"rendered":"https:\/\/www.accteklaser.com\/?post_type=product&#038;p=32365"},"modified":"2026-04-17T17:35:19","modified_gmt":"2026-04-17T09:35:19","slug":"may-ve-sinh-hanh-ly-laser-cw","status":"publish","type":"product","link":"https:\/\/www.accteklaser.com\/vi\/product\/luggage-cw-laser-cleaning-machine\/","title":{"rendered":"M\u00e1y v\u1ec7 sinh h\u00e0nh l\u00fd b\u1eb1ng laser CW"},"content":{"rendered":"<p>M\u00e1y l\u00e0m s\u1ea1ch b\u1eb1ng laser CW cho h\u00e0nh l\u00fd l\u00e0 gi\u1ea3i ph\u00e1p l\u00e0m s\u1ea1ch b\u1ec1 m\u1eb7t di \u0111\u1ed9ng, th\u00e2n thi\u1ec7n v\u1edbi m\u00f4i tr\u01b0\u1eddng gi\u00fap lo\u1ea1i b\u1ecf hi\u1ec7u qu\u1ea3 r\u1ec9 s\u00e9t, s\u01a1n v\u00e0 ch\u1ea5t g\u00e2y \u00f4 nhi\u1ec5m kh\u1ecfi nhi\u1ec1u lo\u1ea1i v\u1eadt li\u1ec7u kh\u00e1c nhau, l\u00fd t\u01b0\u1edfng cho c\u00e1c \u1ee9ng d\u1ee5ng c\u00f4ng nghi\u1ec7p v\u00e0 b\u1ea3o tr\u00ec t\u1ea1i ch\u1ed7.<\/p>","protected":false},"excerpt":{"rendered":"<p>M\u00e1y l\u00e0m s\u1ea1ch b\u1eb1ng laser CW cho h\u00e0nh l\u00fd l\u00e0 gi\u1ea3i ph\u00e1p l\u00e0m s\u1ea1ch b\u1ec1 m\u1eb7t di \u0111\u1ed9ng, th\u00e2n thi\u1ec7n v\u1edbi m\u00f4i tr\u01b0\u1eddng gi\u00fap lo\u1ea1i b\u1ecf hi\u1ec7u qu\u1ea3 r\u1ec9 s\u00e9t, s\u01a1n v\u00e0 ch\u1ea5t g\u00e2y \u00f4 nhi\u1ec5m kh\u1ecfi nhi\u1ec1u lo\u1ea1i v\u1eadt li\u1ec7u kh\u00e1c nhau, l\u00fd t\u01b0\u1edfng cho c\u00e1c \u1ee9ng d\u1ee5ng c\u00f4ng nghi\u1ec7p v\u00e0 b\u1ea3o tr\u00ec t\u1ea1i ch\u1ed7.<\/p>","protected":false},"featured_media":32366,"comment_status":"open","ping_status":"closed","template":"","meta":{"_acf_changed":false},"product_brand":[],"product_cat":[100,76],"product_tag":[],"class_list":{"0":"post-32365","1":"product","2":"type-product","3":"status-publish","4":"has-post-thumbnail","6":"product_cat-laser-cleaning-machine","7":"product_cat-4-laser-cleaning-machine","9":"first","10":"instock","11":"shipping-taxable","12":"product-type-simple"},"acf":[],"_links":{"self":[{"href":"https:\/\/www.accteklaser.com\/vi\/wp-json\/wp\/v2\/product\/32365","targetHints":{"allow":["GET"]}}],"collection":[{"href":"https:\/\/www.accteklaser.com\/vi\/wp-json\/wp\/v2\/product"}],"about":[{"href":"https:\/\/www.accteklaser.com\/vi\/wp-json\/wp\/v2\/types\/product"}],"replies":[{"embeddable":true,"href":"https:\/\/www.accteklaser.com\/vi\/wp-json\/wp\/v2\/comments?post=32365"}],"wp:featuredmedia":[{"embeddable":true,"href":"https:\/\/www.accteklaser.com\/vi\/wp-json\/wp\/v2\/media\/32366"}],"wp:attachment":[{"href":"https:\/\/www.accteklaser.com\/vi\/wp-json\/wp\/v2\/media?parent=32365"}],"wp:term":[{"taxonomy":"product_brand","embeddable":true,"href":"https:\/\/www.accteklaser.com\/vi\/wp-json\/wp\/v2\/product_brand?post=32365"},{"taxonomy":"product_cat","embeddable":true,"href":"https:\/\/www.accteklaser.com\/vi\/wp-json\/wp\/v2\/product_cat?post=32365"},{"taxonomy":"product_tag","embeddable":true,"href":"https:\/\/www.accteklaser.com\/vi\/wp-json\/wp\/v2\/product_tag?post=32365"}],"curies":[{"name":"wp","href":"https:\/\/api.w.org\/{rel}","templated":true}]}}