{"id":33066,"date":"2025-11-20T16:10:24","date_gmt":"2025-11-20T08:10:24","guid":{"rendered":"https:\/\/www.accteklaser.com\/?post_type=product&#038;p=33066"},"modified":"2025-11-21T09:49:55","modified_gmt":"2025-11-21T01:49:55","slug":"nen-tang-han-laser-tu-dong","status":"publish","type":"product","link":"https:\/\/www.accteklaser.com\/vi\/product\/automatic-laser-welding-platform\/","title":{"rendered":"N\u1ec1n t\u1ea3ng h\u00e0n laser t\u1ef1 \u0111\u1ed9ng"},"content":{"rendered":"<p>N\u1ec1n t\u1ea3ng h\u00e0n laser t\u1ef1 \u0111\u1ed9ng k\u1ebft h\u1ee3p ngu\u1ed3n laser c\u00f4ng su\u1ea5t cao, \u0111i\u1ec1u khi\u1ec3n CNC ch\u00ednh x\u00e1c v\u00e0 c\u00e1c t\u00ednh n\u0103ng t\u1ef1 \u0111\u1ed9ng \u0111\u1ec3 t\u1ea1o ra m\u1ed1i h\u00e0n ch\u1ea5t l\u01b0\u1ee3ng cao, c\u00f3 th\u1ec3 l\u1eb7p l\u1ea1i tr\u00ean nhi\u1ec1u lo\u1ea1i v\u1eadt li\u1ec7u kim lo\u1ea1i.<\/p>","protected":false},"excerpt":{"rendered":"<p>N\u1ec1n t\u1ea3ng h\u00e0n laser t\u1ef1 \u0111\u1ed9ng k\u1ebft h\u1ee3p ngu\u1ed3n laser c\u00f4ng su\u1ea5t cao, \u0111i\u1ec1u khi\u1ec3n CNC ch\u00ednh x\u00e1c v\u00e0 c\u00e1c t\u00ednh n\u0103ng t\u1ef1 \u0111\u1ed9ng \u0111\u1ec3 t\u1ea1o ra m\u1ed1i h\u00e0n ch\u1ea5t l\u01b0\u1ee3ng cao, c\u00f3 th\u1ec3 l\u1eb7p l\u1ea1i tr\u00ean nhi\u1ec1u lo\u1ea1i v\u1eadt li\u1ec7u kim lo\u1ea1i.<\/p>","protected":false},"featured_media":33073,"comment_status":"open","ping_status":"closed","template":"","meta":{"_acf_changed":false},"product_brand":[],"product_cat":[102,184],"product_tag":[],"class_list":{"0":"post-33066","1":"product","2":"type-product","3":"status-publish","4":"has-post-thumbnail","6":"product_cat-laser-welding-machine","7":"product_cat-8-laser-welding-machine","9":"first","10":"instock","11":"shipping-taxable","12":"product-type-simple"},"acf":[],"_links":{"self":[{"href":"https:\/\/www.accteklaser.com\/vi\/wp-json\/wp\/v2\/product\/33066","targetHints":{"allow":["GET"]}}],"collection":[{"href":"https:\/\/www.accteklaser.com\/vi\/wp-json\/wp\/v2\/product"}],"about":[{"href":"https:\/\/www.accteklaser.com\/vi\/wp-json\/wp\/v2\/types\/product"}],"replies":[{"embeddable":true,"href":"https:\/\/www.accteklaser.com\/vi\/wp-json\/wp\/v2\/comments?post=33066"}],"wp:featuredmedia":[{"embeddable":true,"href":"https:\/\/www.accteklaser.com\/vi\/wp-json\/wp\/v2\/media\/33073"}],"wp:attachment":[{"href":"https:\/\/www.accteklaser.com\/vi\/wp-json\/wp\/v2\/media?parent=33066"}],"wp:term":[{"taxonomy":"product_brand","embeddable":true,"href":"https:\/\/www.accteklaser.com\/vi\/wp-json\/wp\/v2\/product_brand?post=33066"},{"taxonomy":"product_cat","embeddable":true,"href":"https:\/\/www.accteklaser.com\/vi\/wp-json\/wp\/v2\/product_cat?post=33066"},{"taxonomy":"product_tag","embeddable":true,"href":"https:\/\/www.accteklaser.com\/vi\/wp-json\/wp\/v2\/product_tag?post=33066"}],"curies":[{"name":"wp","href":"https:\/\/api.w.org\/{rel}","templated":true}]}}